{"id":11,"date":"2021-09-11T19:58:38","date_gmt":"2021-09-11T17:58:38","guid":{"rendered":"https:\/\/www.ysubmarine.it\/wp\/?page_id=11"},"modified":"2025-09-07T20:09:25","modified_gmt":"2025-09-07T18:09:25","slug":"orari","status":"publish","type":"page","link":"https:\/\/www.ysubmarine.it\/wp\/orari\/","title":{"rendered":"Orari"},"content":{"rendered":"\r\n<center>\r\n<p><strong>PISCINA DI TIRANO (dal 8 settembre 2025)<\/strong><\/p>\r\n\r\n<table>\r\n<tr><td>Luned\u00ec    <\/td><td>07:30<\/td><td>16:30<\/td><\/tr>\r\n<tr><td>Marted\u00ec   <\/td><td>18:30<\/td><td>21:15<\/td><\/tr>\r\n<tr><td>Mercoled\u00ec <\/td><td>15:00<\/td><td>21:00<\/td><\/tr>\r\n<tr><td>Gioved\u00ec   <\/td><td>07:30<\/td><td>16:30<\/td><\/tr>\r\n<tr><td>Venerd\u00ec   <\/td><td>18:30<\/td><td>21:15<\/td><\/tr>\r\n<tr><td>Sabato    <\/td><td>09:00<\/td><td>12:30<\/td><\/tr>\r\n<tr><td>          <\/td><td>15:00<\/td><td>19:00<\/td><\/tr>\r\n<tr><td>Domenica<\/td><td>chiuso<\/td><td><\/td><\/tr>\r\n<\/table>\r\n\r\n<p>Ingresso:<br \/>Adulti \u20ac 6,40 &#8211; Ragazzi \u20ac 4,50 &#8211; Bambini \u20ac 2,90<\/p>\r\n<p>Abbonamenti:<br \/>\r\nAdulti: 12 ingressi: \u20ac 63.00 &#8211; 24 ingressi: \u20ac 119<br \/>\r\nRagazzi: 12 ingressi: \u20ac 47.50 &#8211; 24 ingressi: \u20ac 86<br \/>\r\nBambini: 12 ingressi: \u20ac 29 &#8211; 24 ingressi: \u20ac 48.50<\/p>\r\n<p>N.B.<br \/>Uscita dalle vasche 30 minuti prima dell&#8217;orario di chiusura<\/p>\r\n<\/center>\r\n","protected":false},"excerpt":{"rendered":"<p>PISCINA DI TIRANO (dal 8 settembre 2025) Luned\u00ec 07:30 16:30 Marted\u00ec 18:30 21:15 Mercoled\u00ec 15:00 21:00 Gioved\u00ec 07:30 16:30 Venerd\u00ec 18:30 21:15 Sabato 09:00 12:30 15:00 19:00 Domenica chiuso Ingresso:Adulti \u20ac 6,40 &#8211; Ragazzi \u20ac 4,50 &#8211; Bambini \u20ac 2,90 Abbonamenti: Adulti: 12 ingressi: \u20ac 63.00 &#8211; 24 ingressi: \u20ac 119 Ragazzi: 12 ingressi: \u20ac 47.50 &#8211; 24 ingressi: \u20ac 86 Bambini: 12 ingressi: \u20ac 29 &#8211; 24 ingressi: \u20ac 48.50 N.B.Uscita dalle vasche 30 minuti prima dell&#8217;orario di chiusura<\/p>\n","protected":false},"author":1,"featured_media":0,"parent":0,"menu_order":0,"comment_status":"closed","ping_status":"open","template":"","meta":{"jetpack_post_was_ever_published":false,"footnotes":""},"class_list":["post-11","page","type-page","status-publish"],"jetpack_sharing_enabled":true,"_links":{"self":[{"href":"https:\/\/www.ysubmarine.it\/wp\/wp-json\/wp\/v2\/pages\/11","targetHints":{"allow":["GET"]}}],"collection":[{"href":"https:\/\/www.ysubmarine.it\/wp\/wp-json\/wp\/v2\/pages"}],"about":[{"href":"https:\/\/www.ysubmarine.it\/wp\/wp-json\/wp\/v2\/types\/page"}],"author":[{"embeddable":true,"href":"https:\/\/www.ysubmarine.it\/wp\/wp-json\/wp\/v2\/users\/1"}],"replies":[{"embeddable":true,"href":"https:\/\/www.ysubmarine.it\/wp\/wp-json\/wp\/v2\/comments?post=11"}],"version-history":[{"count":24,"href":"https:\/\/www.ysubmarine.it\/wp\/wp-json\/wp\/v2\/pages\/11\/revisions"}],"predecessor-version":[{"id":202,"href":"https:\/\/www.ysubmarine.it\/wp\/wp-json\/wp\/v2\/pages\/11\/revisions\/202"}],"wp:attachment":[{"href":"https:\/\/www.ysubmarine.it\/wp\/wp-json\/wp\/v2\/media?parent=11"}],"curies":[{"name":"wp","href":"https:\/\/api.w.org\/{rel}","templated":true}]}}